{"id":713,"date":"2023-09-15T17:13:01","date_gmt":"2023-09-15T15:13:01","guid":{"rendered":"https:\/\/www.stormmedia.pl\/?page_id=713"},"modified":"2025-06-23T13:54:32","modified_gmt":"2025-06-23T11:54:32","slug":"zamowienie","status":"publish","type":"page","link":"https:\/\/www.stormmedia.pl\/?page_id=713","title":{"rendered":"Zam\u00f3wienie"},"content":{"rendered":"<p><div class=\"fusion-fullwidth fullwidth-box fusion-builder-row-1 fusion-flex-container has-pattern-background has-mask-background nonhundred-percent-fullwidth non-hundred-percent-height-scrolling\" style=\"--awb-border-radius-top-left:0px;--awb-border-radius-top-right:0px;--awb-border-radius-bottom-right:0px;--awb-border-radius-bottom-left:0px;--awb-padding-top:35px;--awb-padding-bottom:16px;--awb-background-color:var(--awb-color1);\" ><div class=\"fusion-builder-row fusion-row fusion-flex-align-items-flex-start\" style=\"max-width:1456px;margin-left: calc(-4% \/ 2 );margin-right: calc(-4% \/ 2 );\"><div class=\"fusion-layout-column fusion_builder_column fusion-builder-column-0 fusion_builder_column_1_1 1_1 fusion-flex-column\" style=\"--awb-bg-size:cover;--awb-width-large:100%;--awb-margin-top-large:0px;--awb-spacing-right-large:1.92%;--awb-margin-bottom-large:20px;--awb-spacing-left-large:1.92%;--awb-width-medium:100%;--awb-order-medium:0;--awb-spacing-right-medium:1.92%;--awb-spacing-left-medium:1.92%;--awb-width-small:100%;--awb-order-small:0;--awb-spacing-right-small:1.92%;--awb-spacing-left-small:1.92%;\"><div class=\"fusion-column-wrapper fusion-column-has-shadow fusion-flex-justify-content-flex-start fusion-content-layout-column\"><div class=\"fusion-image-element \" style=\"--awb-caption-title-font-family:var(--h2_typography-font-family);--awb-caption-title-font-weight:var(--h2_typography-font-weight);--awb-caption-title-font-style:var(--h2_typography-font-style);--awb-caption-title-size:var(--h2_typography-font-size);--awb-caption-title-transform:var(--h2_typography-text-transform);--awb-caption-title-line-height:var(--h2_typography-line-height);--awb-caption-title-letter-spacing:var(--h2_typography-letter-spacing);\"><span class=\" fusion-imageframe imageframe-none imageframe-1 hover-type-none\" class=\"image-scroll\"><a class=\"fusion-no-lightbox\" href=\"\/\" target=\"_self\" aria-label=\"stormmedia_logo\"><img decoding=\"async\" width=\"161\" height=\"43\" src=\"data:image\/svg+xml,%3Csvg%20xmlns%3D%27http%3A%2F%2Fwww.w3.org%2F2000%2Fsvg%27%20width%3D%27161%27%20height%3D%2743%27%20viewBox%3D%270%200%20161%2043%27%3E%3Crect%20width%3D%27161%27%20height%3D%2743%27%20fill-opacity%3D%220%22%2F%3E%3C%2Fsvg%3E\" data-orig-src=\"https:\/\/www.stormmedia.pl\/wp-content\/uploads\/2023\/06\/stormmedia_logo.png\" alt class=\"lazyload img-responsive wp-image-14\"\/><\/a><\/span><\/div><\/div><\/div><\/div><\/div><div class=\"fusion-fullwidth fullwidth-box fusion-builder-row-2 fusion-flex-container has-pattern-background has-mask-background nonhundred-percent-fullwidth non-hundred-percent-height-scrolling\" style=\"--awb-border-radius-top-left:0px;--awb-border-radius-top-right:0px;--awb-border-radius-bottom-right:0px;--awb-border-radius-bottom-left:0px;--awb-padding-top:80px;--awb-margin-top:0px;--awb-background-color:var(--awb-color2);\" ><div class=\"fusion-builder-row fusion-row fusion-flex-align-items-flex-start\" style=\"max-width:1456px;margin-left: calc(-4% \/ 2 );margin-right: calc(-4% \/ 2 );\"><div class=\"fusion-layout-column fusion_builder_column fusion-builder-column-1 fusion_builder_column_3_5 3_5 fusion-flex-column\" style=\"--awb-bg-size:cover;--awb-width-large:60%;--awb-margin-top-large:0px;--awb-spacing-right-large:3.2%;--awb-margin-bottom-large:20px;--awb-spacing-left-large:3.2%;--awb-width-medium:60%;--awb-order-medium:0;--awb-spacing-right-medium:3.2%;--awb-spacing-left-medium:3.2%;--awb-width-small:100%;--awb-order-small:0;--awb-spacing-right-small:1.92%;--awb-spacing-left-small:1.92%;\"><div class=\"fusion-column-wrapper fusion-column-has-shadow fusion-flex-justify-content-flex-start fusion-content-layout-column\"><div class=\"fusion-text fusion-text-1\" style=\"--awb-font-size:23px;--awb-text-font-family:&quot;Poppins&quot;;--awb-text-font-style:normal;--awb-text-font-weight:700;\"><div class=\"fusion-text fusion-text-1\">\n<p>Formularz zam\u00f3wienia Online<\/p>\n<\/div>\n<div class=\"fusion-text fusion-text-2 fusion-text-no-margin\">&nbsp;<\/div>\n<\/div><div class=\"fusion-text fusion-text-2\"><div class=\"fusion-text fusion-text-1\">\n<p>Wype\u0142nij formularz i pozostaw swoje dane. Skontaktujemy si\u0119 z Tob\u0105 w celu podpisania umowy na \u015bwiadczenie us\u0142ug telekomunikacyjnych.<\/p>\n<\/div>\n<\/div><div class=\"fusion-form fusion-form-builder fusion-form-form-wrapper fusion-form-727\" style=\"--awb-tooltip-text-color:#ffffff;--awb-tooltip-background-color:#333333;\" data-form-id=\"727\" data-config=\"{&quot;form_id&quot;:&quot;727&quot;,&quot;form_post_id&quot;:&quot;727&quot;,&quot;post_id&quot;:713,&quot;form_type&quot;:&quot;ajax&quot;,&quot;confirmation_type&quot;:&quot;message&quot;,&quot;redirect_url&quot;:&quot;&quot;,&quot;field_labels&quot;:{&quot;imie_i_nazwisko&quot;:&quot;&quot;,&quot;adres_instalacji&quot;:&quot;&quot;,&quot;email&quot;:&quot;&quot;,&quot;numer_telefonu&quot;:&quot;&quot;,&quot;wybrana_usluga&quot;:&quot;&quot;,&quot;twoja_wiadomosc&quot;:&quot;&quot;},&quot;field_logics&quot;:{&quot;imie_i_nazwisko&quot;:&quot;&quot;,&quot;adres_instalacji&quot;:&quot;&quot;,&quot;email&quot;:&quot;&quot;,&quot;numer_telefonu&quot;:&quot;&quot;,&quot;wybrana_usluga&quot;:&quot;&quot;,&quot;twoja_wiadomosc&quot;:&quot;&quot;,&quot;notice_1&quot;:&quot;&quot;},&quot;field_types&quot;:{&quot;imie_i_nazwisko&quot;:&quot;text&quot;,&quot;adres_instalacji&quot;:&quot;text&quot;,&quot;email&quot;:&quot;email&quot;,&quot;numer_telefonu&quot;:&quot;phone_number&quot;,&quot;wybrana_usluga&quot;:&quot;select&quot;,&quot;twoja_wiadomosc&quot;:&quot;textarea&quot;,&quot;submit_1&quot;:&quot;submit&quot;,&quot;notice_1&quot;:&quot;notice&quot;},&quot;nonce_method&quot;:&quot;ajax&quot;}\"><form action=\"https:\/\/www.stormmedia.pl\/?page_id=713\" method=\"post\" class=\"fusion-form fusion-form-727\"><div class=\"fusion-fullwidth fullwidth-box fusion-builder-row-2-1 fusion-flex-container has-pattern-background has-mask-background nonhundred-percent-fullwidth non-hundred-percent-height-scrolling\" style=\"--awb-border-radius-top-left:0px;--awb-border-radius-top-right:0px;--awb-border-radius-bottom-right:0px;--awb-border-radius-bottom-left:0px;\" ><div class=\"fusion-builder-row fusion-row fusion-flex-align-items-flex-start\" style=\"width:104% !important;max-width:104% !important;margin-left: calc(-4% \/ 2 );margin-right: calc(-4% \/ 2 );\"><div class=\"fusion-layout-column fusion_builder_column fusion-builder-column-2 fusion_builder_column_1_1 1_1 fusion-flex-column\" style=\"--awb-bg-size:cover;--awb-width-large:100%;--awb-margin-top-large:0px;--awb-spacing-right-large:0%;--awb-margin-bottom-large:20px;--awb-spacing-left-large:0%;--awb-width-medium:100%;--awb-order-medium:0;--awb-spacing-right-medium:0%;--awb-spacing-left-medium:0%;--awb-width-small:100%;--awb-order-small:0;--awb-spacing-right-small:1.92%;--awb-spacing-left-small:1.92%;\"><div class=\"fusion-column-wrapper fusion-column-has-shadow fusion-flex-justify-content-flex-start fusion-content-layout-column\"><div class=\"fusion-form-field fusion-form-text-field fusion-form-label-above\" style=\"\" data-form-id=\"727\"><input type=\"text\" name=\"imie_i_nazwisko\" id=\"imie_i_nazwisko\" value=\"Imi\u0119 i nazwisko\"  class=\"fusion-form-input\" data-holds-private-data=\"false\" minlength=\"0\"\/><\/div><div class=\"fusion-form-field fusion-form-text-field fusion-form-label-above\" style=\"\" data-form-id=\"727\"><input type=\"text\" name=\"adres_instalacji\" id=\"adres_instalacji\" value=\"Adres instalacji\"  class=\"fusion-form-input\" data-holds-private-data=\"false\" minlength=\"0\"\/><\/div><div class=\"fusion-form-field fusion-form-email-field fusion-form-label-above\" style=\"\" data-form-id=\"727\"><input type=\"email\" name=\"email\" id=\"email\" value=\"Adres e-mail\"  class=\"fusion-form-input\" data-holds-private-data=\"false\"\/><\/div><div class=\"fusion-form-field fusion-form-phone-number-field fusion-form-label-above\" style=\"\" data-form-id=\"727\"><div class=\"fusion-form-input-with-icon\"><i class=\"awb-form-icon fa-phone-square-alt fas\"><\/i><input type=\"tel\" name=\"numer_telefonu\" id=\"numer_telefonu\" value=\"\"  class=\"fusion-form-input\" placeholder=\"Numer telefonu\" data-holds-private-data=\"false\"\/><\/div><\/div><div class=\"fusion-form-field fusion-form-select-field fusion-form-label-above\" style=\"\" data-form-id=\"727\"><div class=\"fusion-select-wrapper\"><select tabindex=\"\" id=\"wybrana_usluga\" name=\"wybrana_usluga\" class=\"fusion-form-input\" required=\"true\" aria-required=\"true\" data-holds-private-data=\"false\"><option value=\"\" disabled selected>Wybrana us\u0142uga<\/option><option value=\"Internet \u015bwiat\u0142owodowy bloki\" >Internet \u015bwiat\u0142owodowy bloki<\/option><option value=\"Internet \u015bwiat\u0142owodowy domki\" >Internet \u015bwiat\u0142owodowy domki<\/option><option value=\"Internet radiowy\" >Internet radiowy<\/option><option value=\"Internet + Tv bloki\" >Internet + Tv bloki<\/option><option value=\"Internet + Tv domki\" >Internet + Tv domki<\/option><option value=\"Telewizja\" >Telewizja<\/option><option value=\"Telefon\" >Telefon<\/option><option value=\"Mobile\" >Mobile<\/option><\/select><div class=\"select-arrow\"><svg width=\"12\" height=\"8\" viewBox=\"0 0 12 8\" fill=\"none\" xmlns=\"http:\/\/www.w3.org\/2000\/svg\"> <path d=\"M1.5 1.75L6 6.25L10.5 1.75\" stroke=\"#6D6D6D\" stroke-width=\"2\" stroke-linecap=\"round\" stroke-linejoin=\"round\"\/> <\/svg><\/div><\/div><\/div><div class=\"fusion-form-field fusion-form-textarea-field fusion-form-label-above\" style=\"\" data-form-id=\"727\"><textarea cols=\"40\"  minlength=\"0\"  rows=\"4\" tabindex=\"\" id=\"twoja_wiadomosc\" name=\"twoja_wiadomosc\" class=\"fusion-form-input\" placeholder=\"Twoja wiadomo\u015b\u0107 (Prosimy o podanie wybranego pakietu)\" data-holds-private-data=\"false\"><\/textarea><\/div><div class=\"fusion-form-field fusion-form-submit-field fusion-form-label-above\" style=\"\" data-form-id=\"727\"><div style=\"text-align:right;\"><button type=\"submit\" class=\"fusion-button button-flat fusion-button-default-size button-default fusion-button-default button-1 fusion-button-default-span  form-form-submit button-default\" data-form-number=\"727\" tabindex=\"\"><span class=\"fusion-button-text\">Wy\u015blij <\/span><\/button><\/div><\/div><div class=\"form-submission-notices data-notice_1\" id=\"fusion-notices-1\"><div class=\"fusion-alert alert success alert-success fusion-alert-center fusion-form-response fusion-form-response-success alert-dismissable\" role=\"alert\"><div class=\"fusion-alert-content-wrapper\"><span class=\"alert-icon\"><i class=\"awb-icon-check-circle\" aria-hidden=\"true\"><\/i><\/span><span class=\"fusion-alert-content\">Dzi\u0119kuj\u0119 za Twoj\u0105 wiadomo\u015b\u0107. Zosta\u0142o wys\u0142ane.<\/span><\/div><button type=\"button\" class=\"close toggle-alert\" data-dismiss=\"alert\" aria-label=\"Close\">&times;<\/button><\/div><div class=\"fusion-alert alert error alert-danger fusion-alert-center fusion-form-response fusion-form-response-error alert-dismissable\" role=\"alert\"><div class=\"fusion-alert-content-wrapper\"><span class=\"alert-icon\"><i class=\"awb-icon-exclamation-triangle\" aria-hidden=\"true\"><\/i><\/span><span class=\"fusion-alert-content\">Wyst\u0105pi\u0142 b\u0142\u0105d podczas pr\u00f3by wys\u0142ania wiadomo\u015bci. Spr\u00f3buj ponownie p\u00f3\u017aniej.<\/span><\/div><button type=\"button\" class=\"close toggle-alert\" data-dismiss=\"alert\" aria-label=\"Close\">&times;<\/button><\/div><\/div><\/div><\/div><\/div><\/div><input type=\"hidden\" name=\"fusion_privacy_store_ip_ua\" value=\"false\"><input type=\"hidden\" name=\"fusion_privacy_expiration_interval\" value=\"48\"><input type=\"hidden\" name=\"privacy_expiration_action\" value=\"ignore\"><\/form><\/div><\/div><\/div><div class=\"fusion-layout-column fusion_builder_column fusion-builder-column-3 fusion_builder_column_2_5 2_5 fusion-flex-column\" style=\"--awb-padding-top:30px;--awb-padding-right:30px;--awb-padding-bottom:30px;--awb-padding-left:30px;--awb-overflow:hidden;--awb-bg-size:cover;--awb-border-radius:20px 20px 20px 20px;--awb-width-large:40%;--awb-margin-top-large:0px;--awb-spacing-right-large:4.8%;--awb-margin-bottom-large:20px;--awb-spacing-left-large:4.8%;--awb-width-medium:40%;--awb-order-medium:0;--awb-spacing-right-medium:4.8%;--awb-spacing-left-medium:4.8%;--awb-width-small:100%;--awb-order-small:0;--awb-spacing-right-small:1.92%;--awb-spacing-left-small:1.92%;\"><div class=\"fusion-column-wrapper fusion-column-has-shadow fusion-flex-justify-content-flex-start fusion-content-layout-column\"><div class=\"fusion-text fusion-text-3 fusion-text-no-margin\" style=\"--awb-font-size:24px;--awb-margin-bottom:30px;--awb-text-font-family:&quot;Poppins&quot;;--awb-text-font-style:normal;--awb-text-font-weight:700;\"><p>Dane kontaktowe<\/p>\n<\/div><div class=\"fusion-text fusion-text-4\"><div class=\"fusion-text fusion-text-6\">\n<p><strong>BOK Telefon<br \/><\/strong>42 616 66 66<\/p>\n<\/div>\n<div class=\"fusion-text fusion-text-7\">\n<p><strong>Biuro Obs\u0142ugi Klienta:<\/strong><br \/>biuro@stormmedia.pl<\/p>\n<\/div>\n<div class=\"fusion-text fusion-text-2\">\n<p><strong>Adres Biura Obs\u0142ugi Klienta<br \/><\/strong>Poniatowskiego 1<br \/>95-070 Aleksandr\u00f3w \u0141\u00f3dzki<\/p>\n<\/div>\n<div class=\"fusion-text fusion-text-3\">\n<p><strong>Godziny otwarcia:<\/strong><br \/>Poniedzia\u0142ek \u2013 Pi\u0105tek<br \/>9:00\u201316:00<\/p>\n<\/div>\n<\/div><\/div><\/div><\/div><\/div><\/p>\n","protected":false},"excerpt":{"rendered":"","protected":false},"author":1,"featured_media":0,"parent":0,"menu_order":0,"comment_status":"closed","ping_status":"closed","template":"100-width.php","meta":{"footnotes":""},"class_list":["post-713","page","type-page","status-publish","hentry"],"aioseo_notices":[],"_links":{"self":[{"href":"https:\/\/www.stormmedia.pl\/index.php?rest_route=\/wp\/v2\/pages\/713","targetHints":{"allow":["GET"]}}],"collection":[{"href":"https:\/\/www.stormmedia.pl\/index.php?rest_route=\/wp\/v2\/pages"}],"about":[{"href":"https:\/\/www.stormmedia.pl\/index.php?rest_route=\/wp\/v2\/types\/page"}],"author":[{"embeddable":true,"href":"https:\/\/www.stormmedia.pl\/index.php?rest_route=\/wp\/v2\/users\/1"}],"replies":[{"embeddable":true,"href":"https:\/\/www.stormmedia.pl\/index.php?rest_route=%2Fwp%2Fv2%2Fcomments&post=713"}],"version-history":[{"count":12,"href":"https:\/\/www.stormmedia.pl\/index.php?rest_route=\/wp\/v2\/pages\/713\/revisions"}],"predecessor-version":[{"id":1302,"href":"https:\/\/www.stormmedia.pl\/index.php?rest_route=\/wp\/v2\/pages\/713\/revisions\/1302"}],"wp:attachment":[{"href":"https:\/\/www.stormmedia.pl\/index.php?rest_route=%2Fwp%2Fv2%2Fmedia&parent=713"}],"curies":[{"name":"wp","href":"https:\/\/api.w.org\/{rel}","templated":true}]}}